{"id":164,"date":"2016-09-28T21:15:09","date_gmt":"2016-09-28T20:15:09","guid":{"rendered":"http:\/\/locations-les-saisies.com\/MB304C\/?page_id=164"},"modified":"2016-10-04T13:30:32","modified_gmt":"2016-10-04T12:30:32","slug":"la-station","status":"publish","type":"page","link":"http:\/\/locations-les-saisies.com\/MB304C\/la-station\/","title":{"rendered":"La station"},"content":{"rendered":"<h2>En savoir plus sur les Saisies et cette location&#8230;<\/h2>\n<p><a href=\"http:\/\/locations-les-saisies.com\/MB304C\/wp-content\/uploads\/2016\/10\/Les-Saisies-ici.jpg\"><img decoding=\"async\" loading=\"lazy\" class=\"wp-image-175 aligncenter\" src=\"http:\/\/locations-les-saisies.com\/MB304C\/wp-content\/uploads\/2016\/10\/Les-Saisies-ici-300x165.jpg\" alt=\"les-saisies-ici\" width=\"793\" height=\"436\" srcset=\"http:\/\/locations-les-saisies.com\/MB304C\/wp-content\/uploads\/2016\/10\/Les-Saisies-ici-300x165.jpg 300w, http:\/\/locations-les-saisies.com\/MB304C\/wp-content\/uploads\/2016\/10\/Les-Saisies-ici-768x422.jpg 768w, http:\/\/locations-les-saisies.com\/MB304C\/wp-content\/uploads\/2016\/10\/Les-Saisies-ici-1024x563.jpg 1024w, http:\/\/locations-les-saisies.com\/MB304C\/wp-content\/uploads\/2016\/10\/Les-Saisies-ici.jpg 1236w\" sizes=\"(max-width: 793px) 100vw, 793px\" \/><\/a><\/p>\n<p>&nbsp;<\/p>\n<p>Pour en savoir un davantage sur la station, vous pouvez:<\/p>\n<ul>\n<li>vous renseigner sur le <a href=\"http:\/\/www.lessaisies.com\/\"><span class=\"st\">Site officiel de l&#8217;Office du Tourisme des <em>Saisies<\/em><\/span><\/a><\/li>\n<li>consulter l&#8217;<a href=\"http:\/\/www.lessaisies.com\/evenements.html\">agenda des \u00e9v\u00e8nements<\/a> ou l&#8217;<a href=\"http:\/\/www.lessaisies.com\/actualites-station.html\">actualit\u00e9 de la station<\/a><\/li>\n<\/ul>\n<p>Pour les amateurs de ski, un petit d\u00e9tour pour:<\/p>\n<ul>\n<li>observer les <a href=\"http:\/\/m.webcam-hd.com\/les-saisies\">webcams<\/a><\/li>\n<li>v\u00e9rifier <a href=\"https:\/\/www.google.fr\/url?sa=t&amp;rct=j&amp;q=&amp;esrc=s&amp;source=web&amp;cd=1&amp;cad=rja&amp;uact=8&amp;sqi=2&amp;ved=0ahUKEwja1dC97LLPAhWCNxQKHc4NBjkQFggcMAA&amp;url=http%3A%2F%2Fwww.meteofrance.com%2Fprevisions-meteo-montagne%2Fles-saisies%2F73620&amp;usg=AFQjCNFbpkCOg9sXAlfRqJh2RFsPJWe2Bw\">la m\u00e9t\u00e9o<\/a> avant votre arriv\u00e9e<\/li>\n<li>conna\u00eetre l<a href=\"http:\/\/www.lessaisies.com\/meteo-saisies.html\">&#8216;enneigement et les pistes ouvertes sur les Saisies<\/a><\/li>\n<li>ou sur l&#8217;E<a href=\"http:\/\/www.lessaisies.org\/meteo-neige-pistes\/plan-ouverture-live-espace-diamant\">space Diamant<\/a><\/li>\n<\/ul>\n<p>&nbsp;<\/p>\n<p>&nbsp;<\/p>\n<p>&nbsp;<\/p>\n<p>&nbsp;<\/p>\n","protected":false},"excerpt":{"rendered":"<p>En savoir plus sur les Saisies et cette location&#8230; &nbsp; Pour en savoir un davantage sur la station, vous pouvez: vous renseigner sur le Site officiel de l&#8217;Office du Tourisme des Saisies consulter l&#8217;agenda des \u00e9v\u00e8nements ou l&#8217;actualit\u00e9 de la station Pour les amateurs de ski, un petit d\u00e9tour pour: observer les webcams v\u00e9rifier la [&hellip;]<\/p>\n","protected":false},"author":1,"featured_media":0,"parent":0,"menu_order":0,"comment_status":"closed","ping_status":"closed","template":"","meta":[],"_links":{"self":[{"href":"http:\/\/locations-les-saisies.com\/MB304C\/wp-json\/wp\/v2\/pages\/164"}],"collection":[{"href":"http:\/\/locations-les-saisies.com\/MB304C\/wp-json\/wp\/v2\/pages"}],"about":[{"href":"http:\/\/locations-les-saisies.com\/MB304C\/wp-json\/wp\/v2\/types\/page"}],"author":[{"embeddable":true,"href":"http:\/\/locations-les-saisies.com\/MB304C\/wp-json\/wp\/v2\/users\/1"}],"replies":[{"embeddable":true,"href":"http:\/\/locations-les-saisies.com\/MB304C\/wp-json\/wp\/v2\/comments?post=164"}],"version-history":[{"count":11,"href":"http:\/\/locations-les-saisies.com\/MB304C\/wp-json\/wp\/v2\/pages\/164\/revisions"}],"predecessor-version":[{"id":205,"href":"http:\/\/locations-les-saisies.com\/MB304C\/wp-json\/wp\/v2\/pages\/164\/revisions\/205"}],"wp:attachment":[{"href":"http:\/\/locations-les-saisies.com\/MB304C\/wp-json\/wp\/v2\/media?parent=164"}],"curies":[{"name":"wp","href":"https:\/\/api.w.org\/{rel}","templated":true}]}}