{"id":33,"date":"2016-09-19T10:43:04","date_gmt":"2016-09-19T09:43:04","guid":{"rendered":"http:\/\/locations-les-saisies.com\/MB304C\/?page_id=33"},"modified":"2022-02-21T18:24:55","modified_gmt":"2022-02-21T17:24:55","slug":"equipements","status":"publish","type":"page","link":"http:\/\/locations-les-saisies.com\/MB304C\/equipements\/","title":{"rendered":"Equipements"},"content":{"rendered":"<p><strong>\u00c9quipements Studio jusqu&#8217;\u00e0 6 couchages\u00a0 &#8211; Les Saisies<\/strong><\/p>\n<p>Type de propri\u00e9t\u00e9 :\u00a0\u00a0 Appartement 25 m\u00b2 + Terrasse 18 m\u00b2<\/p>\n<p>Situ\u00e9 dans :\u00a0 Chalet<\/p>\n<ul>\n<li>Repas <strong>non<\/strong> propos\u00e9<\/li>\n<li>Linge de maison <strong>non<\/strong> fourni<\/li>\n<\/ul>\n<p>Autres :<\/p>\n<ul>\n<li>Garage priv\u00e9 ferm\u00e9\u00a0(H: 2.20m \/L: 2.65m \/ l: 5.45m)\u00a0au sous-sol de la r\u00e9sidence \u00a0<strong>(en option 40,00\u20ac la semaine)<\/strong><\/li>\n<li>Parking dans la rue<\/li>\n<li>2 Casiers \u00e0 skis (1 dans le b\u00e2timent\u00a0+1 sur la terrasse)<\/li>\n<\/ul>\n<p>Kitchenette Coin repas :<\/p>\n<ul>\n<li>Plaques vitroc\u00e9ramique<\/li>\n<li>Lave vaisselle<\/li>\n<li>R\u00e9frig\u00e9rateur<\/li>\n<li>Vaisselle et Couverts<\/li>\n<li>Cafeti\u00e8re<\/li>\n<li>Grille-pain<\/li>\n<li>Aspirateur<\/li>\n<li>Combin\u00e9 Four \/ micro-ondes<\/li>\n<li>Appareil \u00e0 Raclette<\/li>\n<li>Plancha \u00e9lectrique<\/li>\n<li>Fer + Table \u00e0 repasser<\/li>\n<\/ul>\n<p>Salles de bain :<\/p>\n<ul>\n<li>1 Salle de bain Baignoire &amp; Douche<\/li>\n<li>1 Toilette s\u00e9par\u00e9<\/li>\n<\/ul>\n<p>Couchages :<\/p>\n<ul>\n<li>Coin cabine avec 2 Lits simples superpos\u00e9s<\/li>\n<li>S\u00e9jour 1 Canap\u00e9 rapido 2 personnes<\/li>\n<li>\u00a0\u00a0\u00a0\u00a0\u00a0\u00a0\u00a0\u00a0\u00a0\u00a0\u00a0 1 Lit gigogne 2 personnes<\/li>\n<\/ul>\n<p>Sur\u00e9quipement de loisirs :<\/p>\n<ul>\n<li>T\u00e9l\u00e9viseur avec lecteur DVD int\u00e9gr\u00e9<\/li>\n<li>Cha\u00eene Hi-Fi\/Lecteur CD\/Radio<\/li>\n<\/ul>\n<p>A l&#8217;ext\u00e9rieur sur la terrasse :<\/p>\n<ul>\n<li>Salon de Jardin + parasol<\/li>\n<li>Coin grillades\u00a0 avec plancha<\/li>\n<li>Transats et chaises longues<\/li>\n<li>Vue sur le Beaufortin sans vis \u00e0 vis<\/li>\n<\/ul>\n<p>&nbsp;<\/p>\n\n<table id=\"tablepress-2\" class=\"tablepress tablepress-id-2\">\n<tbody class=\"row-hover\">\n<tr class=\"row-1\">\n\t<td class=\"column-1\">Attractions Touristiques :<\/td><td class=\"column-2\">\u2022 Eglise<\/td><td class=\"column-3\">\u2022 Jardin d'enfant<\/td><td class=\"column-4\">\u2022 Restaurants<\/td><td class=\"column-5\"><\/td>\n<\/tr>\n<tr class=\"row-2\">\n\t<td class=\"column-1\"><\/td><td class=\"column-2\">\u2022 Laverie<\/td><td class=\"column-3\">\u2022 Centre de loisirs<\/td><td class=\"column-4\">\u2022 Parcs d'attraction<\/td><td class=\"column-5\"><\/td>\n<\/tr>\n<\/tbody>\n<\/table>\n<!-- #tablepress-2 from cache -->\n<p>&nbsp;<\/p>\n<p>&nbsp;<\/p>\n\n<table id=\"tablepress-3\" class=\"tablepress tablepress-id-3\">\n<tbody class=\"row-striping row-hover\">\n<tr class=\"row-1\">\n\t<td class=\"column-1\">Loisirs:<\/td><td class=\"column-2\">\u2022\tSki<\/td><td class=\"column-3\">\u2022\t\u00c9quitation<\/td><td class=\"column-4\">\u2022\tThermalisme<\/td><td class=\"column-5\">\u2022\tShopping<\/td>\n<\/tr>\n<tr class=\"row-2\">\n\t<td class=\"column-1\"><\/td><td class=\"column-2\">\u2022\tLuge<\/td><td class=\"column-3\">\u2022\tBowling<\/td><td class=\"column-4\">\u2022\tThalassoth\u00e9rapie<\/td><td class=\"column-5\">\u2022\tFitness Center<\/td>\n<\/tr>\n<tr class=\"row-3\">\n\t<td class=\"column-1\"><\/td><td class=\"column-2\">\u2022\tGolf<\/td><td class=\"column-3\">\u2022\tMarche \u00e0 pied<\/td><td class=\"column-4\">\u2022\tDisco club<\/td><td class=\"column-5\">\u2022\tParapente<\/td>\n<\/tr>\n<tr class=\"row-4\">\n\t<td class=\"column-1\"><\/td><td class=\"column-2\">\u2022\tVTT<\/td><td class=\"column-3\">\u2022\tAlpinisme<\/td><td class=\"column-4\">\u2022\tTennis<\/td><td class=\"column-5\"><\/td>\n<\/tr>\n<\/tbody>\n<\/table>\n<!-- #tablepress-3 from cache -->\n<p>&nbsp;<\/p>\n<p>&nbsp;<\/p>\n<p>Contacter la propri\u00e9taire pour r\u00e9server cette location<\/p>\n","protected":false},"excerpt":{"rendered":"<p>\u00c9quipements Studio jusqu&#8217;\u00e0 6 couchages\u00a0 &#8211; Les Saisies Type de propri\u00e9t\u00e9 :\u00a0\u00a0 Appartement 25 m\u00b2 + Terrasse 18 m\u00b2 Situ\u00e9 dans :\u00a0 Chalet Repas non propos\u00e9 Linge de maison non fourni Autres : Garage priv\u00e9 ferm\u00e9\u00a0(H: 2.20m \/L: 2.65m \/ l: 5.45m)\u00a0au sous-sol de la r\u00e9sidence \u00a0(en option 40,00\u20ac la semaine) Parking dans la rue [&hellip;]<\/p>\n","protected":false},"author":1,"featured_media":0,"parent":0,"menu_order":0,"comment_status":"closed","ping_status":"closed","template":"","meta":[],"_links":{"self":[{"href":"http:\/\/locations-les-saisies.com\/MB304C\/wp-json\/wp\/v2\/pages\/33"}],"collection":[{"href":"http:\/\/locations-les-saisies.com\/MB304C\/wp-json\/wp\/v2\/pages"}],"about":[{"href":"http:\/\/locations-les-saisies.com\/MB304C\/wp-json\/wp\/v2\/types\/page"}],"author":[{"embeddable":true,"href":"http:\/\/locations-les-saisies.com\/MB304C\/wp-json\/wp\/v2\/users\/1"}],"replies":[{"embeddable":true,"href":"http:\/\/locations-les-saisies.com\/MB304C\/wp-json\/wp\/v2\/comments?post=33"}],"version-history":[{"count":31,"href":"http:\/\/locations-les-saisies.com\/MB304C\/wp-json\/wp\/v2\/pages\/33\/revisions"}],"predecessor-version":[{"id":423,"href":"http:\/\/locations-les-saisies.com\/MB304C\/wp-json\/wp\/v2\/pages\/33\/revisions\/423"}],"wp:attachment":[{"href":"http:\/\/locations-les-saisies.com\/MB304C\/wp-json\/wp\/v2\/media?parent=33"}],"curies":[{"name":"wp","href":"https:\/\/api.w.org\/{rel}","templated":true}]}}